{"id":50,"date":"2020-12-14T15:55:10","date_gmt":"2020-12-14T14:55:10","guid":{"rendered":"https:\/\/wp.jose-rodriguez.de\/?page_id=50"},"modified":"2022-03-27T15:15:29","modified_gmt":"2022-03-27T13:15:29","slug":"infos-demos-videos","status":"publish","type":"page","link":"https:\/\/jose-rodriguez.de\/es\/infos-demos-videos\/","title":{"rendered":"Infos \u2022 demos \u2022 videos"},"content":{"rendered":"<div data-elementor-type=\"wp-post\" data-elementor-id=\"50\" class=\"elementor elementor-50\" data-elementor-post-type=\"page\">\n\t\t\t\t\t\t<section class=\"elementor-section elementor-top-section elementor-element elementor-element-775d64f elementor-section-boxed elementor-section-height-default elementor-section-height-default\" data-id=\"775d64f\" data-element_type=\"section\" data-e-type=\"section\">\n\t\t\t\t\t\t<div class=\"elementor-container elementor-column-gap-default\">\n\t\t\t\t\t<div class=\"elementor-column elementor-col-100 elementor-top-column elementor-element elementor-element-6966b91\" data-id=\"6966b91\" data-element_type=\"column\" data-e-type=\"column\">\n\t\t\t<div class=\"elementor-widget-wrap elementor-element-populated\">\n\t\t\t\t\t\t<div class=\"elementor-element elementor-element-5bbca53 elementor-widget elementor-widget-heading\" data-id=\"5bbca53\" data-element_type=\"widget\" data-e-type=\"widget\" data-widget_type=\"heading.default\">\n\t\t\t\t\t<h1 class=\"elementor-heading-title elementor-size-default\">Infos \u2022 Demos \u2022 Videos - Jos\u00e9 Rodriguez<\/h1>\t\t\t\t<\/div>\n\t\t\t\t\t<\/div>\n\t\t<\/div>\n\t\t\t\t\t<\/div>\n\t\t<\/section>\n\t\t\t\t<section class=\"elementor-section elementor-top-section elementor-element elementor-element-967ea63 elementor-section-boxed elementor-section-height-default elementor-section-height-default\" data-id=\"967ea63\" data-element_type=\"section\" data-e-type=\"section\">\n\t\t\t\t\t\t<div class=\"elementor-container elementor-column-gap-default\">\n\t\t\t\t\t<div class=\"elementor-column elementor-col-50 elementor-top-column elementor-element elementor-element-7197df0\" data-id=\"7197df0\" data-element_type=\"column\" data-e-type=\"column\">\n\t\t\t<div class=\"elementor-widget-wrap elementor-element-populated\">\n\t\t\t\t\t\t<div class=\"elementor-element elementor-element-5cbeba6 elementor-widget elementor-widget-heading\" data-id=\"5cbeba6\" data-element_type=\"widget\" data-e-type=\"widget\" data-widget_type=\"heading.default\">\n\t\t\t\t\t<h2 class=\"elementor-heading-title elementor-size-default\">Live At Mattl's Piano Bar<\/h2>\t\t\t\t<\/div>\n\t\t\t\t<div class=\"elementor-element elementor-element-3202811 elementor-widget elementor-widget-audio\" data-id=\"3202811\" data-element_type=\"widget\" data-e-type=\"widget\" data-widget_type=\"audio.default\">\n\t\t\t\t\t\t\t\t<div class=\"elementor-soundcloud-wrapper\">\n\t\t\t\t<iframe width=\"800\" height=\"450\" frameborder=\"no\" src=\"https:\/\/w.soundcloud.com\/player\/?visual=true&#038;url=https%3A%2F%2Fapi.soundcloud.com%2Fplaylists%2F11778044&#038;show_artwork=false&#038;maxheight=1000&#038;maxwidth=800&#038;auto_play=false&#038;buying=false&#038;liking=true&#038;download=false&#038;sharing=true&#038;show_comments=false&#038;show_playcount=false&#038;show_user=true&#038;color\"><\/iframe>\t\t\t<\/div>\n\t\t\t\t\t\t\t<\/div>\n\t\t\t\t\t<\/div>\n\t\t<\/div>\n\t\t\t\t<div class=\"elementor-column elementor-col-50 elementor-top-column elementor-element elementor-element-6dc4f35\" data-id=\"6dc4f35\" data-element_type=\"column\" data-e-type=\"column\">\n\t\t\t<div class=\"elementor-widget-wrap elementor-element-populated\">\n\t\t\t\t\t\t<div class=\"elementor-element elementor-element-e4a480f elementor-widget elementor-widget-heading\" data-id=\"e4a480f\" data-element_type=\"widget\" data-e-type=\"widget\" data-widget_type=\"heading.default\">\n\t\t\t\t\t<h2 class=\"elementor-heading-title elementor-size-default\">Noche Del Sur<\/h2>\t\t\t\t<\/div>\n\t\t\t\t<div class=\"elementor-element elementor-element-fd43c12 elementor-widget elementor-widget-audio\" data-id=\"fd43c12\" data-element_type=\"widget\" data-e-type=\"widget\" data-widget_type=\"audio.default\">\n\t\t\t\t\t\t\t\t<div class=\"elementor-soundcloud-wrapper\">\n\t\t\t\t<iframe width=\"800\" height=\"450\" frameborder=\"no\" src=\"https:\/\/w.soundcloud.com\/player\/?visual=true&#038;url=https%3A%2F%2Fapi.soundcloud.com%2Fplaylists%2F11778146&#038;show_artwork=false&#038;maxheight=1000&#038;maxwidth=800&#038;auto_play=false&#038;buying=true&#038;liking=true&#038;download=true&#038;sharing=true&#038;show_comments=true&#038;show_playcount=true&#038;show_user=true&#038;color\"><\/iframe>\t\t\t<\/div>\n\t\t\t\t\t\t\t<\/div>\n\t\t\t\t\t<\/div>\n\t\t<\/div>\n\t\t\t\t\t<\/div>\n\t\t<\/section>\n\t\t\t\t<section class=\"elementor-section elementor-top-section elementor-element elementor-element-ec62f0b elementor-section-boxed elementor-section-height-default elementor-section-height-default\" data-id=\"ec62f0b\" data-element_type=\"section\" data-e-type=\"section\">\n\t\t\t\t\t\t<div class=\"elementor-container elementor-column-gap-default\">\n\t\t\t\t\t<div class=\"elementor-column elementor-col-50 elementor-top-column elementor-element elementor-element-15dcfab\" data-id=\"15dcfab\" data-element_type=\"column\" data-e-type=\"column\">\n\t\t\t<div class=\"elementor-widget-wrap elementor-element-populated\">\n\t\t\t\t\t\t<div class=\"elementor-element elementor-element-fc5e560 elementor-widget elementor-widget-heading\" data-id=\"fc5e560\" data-element_type=\"widget\" data-e-type=\"widget\" data-widget_type=\"heading.default\">\n\t\t\t\t\t<h2 class=\"elementor-heading-title elementor-size-default\">Farben des Gl\u00fccks<\/h2>\t\t\t\t<\/div>\n\t\t\t\t<div class=\"elementor-element elementor-element-433f035 elementor-widget elementor-widget-audio\" data-id=\"433f035\" data-element_type=\"widget\" data-e-type=\"widget\" data-widget_type=\"audio.default\">\n\t\t\t\t\t\t\t\t<div class=\"elementor-soundcloud-wrapper\">\n\t\t\t\t<iframe width=\"800\" height=\"450\" frameborder=\"no\" src=\"https:\/\/w.soundcloud.com\/player\/?visual=true&#038;url=https%3A%2F%2Fapi.soundcloud.com%2Fplaylists%2F11778044&#038;show_artwork=false&#038;maxheight=1000&#038;maxwidth=800&#038;auto_play=false&#038;buying=true&#038;liking=true&#038;download=true&#038;sharing=true&#038;show_comments=true&#038;show_playcount=true&#038;show_user=true&#038;color\"><\/iframe>\t\t\t<\/div>\n\t\t\t\t\t\t\t<\/div>\n\t\t\t\t\t<\/div>\n\t\t<\/div>\n\t\t\t\t<div class=\"elementor-column elementor-col-50 elementor-top-column elementor-element elementor-element-c8a7aee\" data-id=\"c8a7aee\" data-element_type=\"column\" data-e-type=\"column\">\n\t\t\t<div class=\"elementor-widget-wrap elementor-element-populated\">\n\t\t\t\t\t\t<div class=\"elementor-element elementor-element-5190f3b elementor-widget elementor-widget-heading\" data-id=\"5190f3b\" data-element_type=\"widget\" data-e-type=\"widget\" data-widget_type=\"heading.default\">\n\t\t\t\t\t<h2 class=\"elementor-heading-title elementor-size-default\">Take My Hand - Ann Mker<\/h2>\t\t\t\t<\/div>\n\t\t\t\t<div class=\"elementor-element elementor-element-3698455 elementor-widget elementor-widget-audio\" data-id=\"3698455\" data-element_type=\"widget\" data-e-type=\"widget\" data-widget_type=\"audio.default\">\n\t\t\t\t\t\t\t\t<div class=\"elementor-soundcloud-wrapper\">\n\t\t\t\t<iframe width=\"800\" height=\"450\" frameborder=\"no\" src=\"https:\/\/w.soundcloud.com\/player\/?visual=true&#038;url=https%3A%2F%2Fapi.soundcloud.com%2Fplaylists%2F11778285&#038;show_artwork=false&#038;maxheight=1000&#038;maxwidth=800&#038;auto_play=false&#038;buying=true&#038;liking=true&#038;download=true&#038;sharing=true&#038;show_comments=true&#038;show_playcount=true&#038;show_user=true&#038;color\"><\/iframe>\t\t\t<\/div>\n\t\t\t\t\t\t\t<\/div>\n\t\t\t\t\t<\/div>\n\t\t<\/div>\n\t\t\t\t\t<\/div>\n\t\t<\/section>\n\t\t\t\t<section class=\"elementor-section elementor-top-section elementor-element elementor-element-a3eb69f elementor-section-boxed elementor-section-height-default elementor-section-height-default\" data-id=\"a3eb69f\" data-element_type=\"section\" data-e-type=\"section\">\n\t\t\t\t\t\t<div class=\"elementor-container elementor-column-gap-default\">\n\t\t\t\t\t<div class=\"elementor-column elementor-col-50 elementor-top-column elementor-element elementor-element-68d3574\" data-id=\"68d3574\" data-element_type=\"column\" data-e-type=\"column\">\n\t\t\t<div class=\"elementor-widget-wrap elementor-element-populated\">\n\t\t\t\t\t\t<div class=\"elementor-element elementor-element-39f1e7e elementor-widget elementor-widget-heading\" data-id=\"39f1e7e\" data-element_type=\"widget\" data-e-type=\"widget\" data-widget_type=\"heading.default\">\n\t\t\t\t\t<h2 class=\"elementor-heading-title elementor-size-default\">Siempre Contigo - Jos\u00e9 &amp; Vicente<\/h2>\t\t\t\t<\/div>\n\t\t\t\t<div class=\"elementor-element elementor-element-7b14d65 elementor-widget elementor-widget-audio\" data-id=\"7b14d65\" data-element_type=\"widget\" data-e-type=\"widget\" data-widget_type=\"audio.default\">\n\t\t\t\t\t\t\t\t<div class=\"elementor-soundcloud-wrapper\">\n\t\t\t\t<iframe width=\"800\" height=\"450\" frameborder=\"no\" src=\"https:\/\/w.soundcloud.com\/player\/?visual=true&#038;url=https%3A%2F%2Fapi.soundcloud.com%2Fplaylists%2F11777887&#038;show_artwork=false&#038;maxheight=1000&#038;maxwidth=800&#038;auto_play=false&#038;buying=true&#038;liking=true&#038;download=true&#038;sharing=true&#038;show_comments=true&#038;show_playcount=true&#038;show_user=true&#038;color\"><\/iframe>\t\t\t<\/div>\n\t\t\t\t\t\t\t<\/div>\n\t\t\t\t\t<\/div>\n\t\t<\/div>\n\t\t\t\t<div class=\"elementor-column elementor-col-50 elementor-top-column elementor-element elementor-element-a7d90fc\" data-id=\"a7d90fc\" data-element_type=\"column\" data-e-type=\"column\">\n\t\t\t<div class=\"elementor-widget-wrap elementor-element-populated\">\n\t\t\t\t\t\t<div class=\"elementor-element elementor-element-5348f31 elementor-widget elementor-widget-heading\" data-id=\"5348f31\" data-element_type=\"widget\" data-e-type=\"widget\" data-widget_type=\"heading.default\">\n\t\t\t\t\t<h2 class=\"elementor-heading-title elementor-size-default\">Stadttor Nr. 8<\/h2>\t\t\t\t<\/div>\n\t\t\t\t<div class=\"elementor-element elementor-element-4155a16 elementor-widget elementor-widget-audio\" data-id=\"4155a16\" data-element_type=\"widget\" data-e-type=\"widget\" data-widget_type=\"audio.default\">\n\t\t\t\t\t\t\t\t<div class=\"elementor-soundcloud-wrapper\">\n\t\t\t\t<iframe width=\"800\" height=\"450\" frameborder=\"no\" src=\"https:\/\/w.soundcloud.com\/player\/?visual=true&#038;url=https%3A%2F%2Fapi.soundcloud.com%2Fplaylists%2F11778115&#038;show_artwork=false&#038;maxheight=1000&#038;maxwidth=800&#038;auto_play=false&#038;buying=true&#038;liking=true&#038;download=true&#038;sharing=true&#038;show_comments=true&#038;show_playcount=true&#038;show_user=true&#038;color\"><\/iframe>\t\t\t<\/div>\n\t\t\t\t\t\t\t<\/div>\n\t\t\t\t\t<\/div>\n\t\t<\/div>\n\t\t\t\t\t<\/div>\n\t\t<\/section>\n\t\t\t\t<\/div>","protected":false},"excerpt":{"rendered":"<p>Infos \u2022 Demos \u2022 Videos &#8211; Jos\u00e9 Rodriguez Live At Mattl&#8217;s Piano Bar Noche Del Sur Farben des Gl\u00fccks Take My Hand &#8211; Ann Mker Siempre Contigo &#8211; Jos\u00e9 &#038; Vicente Stadttor Nr. 8<\/p>","protected":false},"author":2,"featured_media":0,"parent":0,"menu_order":0,"comment_status":"closed","ping_status":"closed","template":"elementor_header_footer","meta":{"pmpro_default_level":"","h5ap_radio_sources":[],"footnotes":""},"categories":[],"tags":[],"class_list":["post-50","page","type-page","status-publish","hentry","pmpro-has-access"],"_links":{"self":[{"href":"https:\/\/jose-rodriguez.de\/es\/wp-json\/wp\/v2\/pages\/50","targetHints":{"allow":["GET"]}}],"collection":[{"href":"https:\/\/jose-rodriguez.de\/es\/wp-json\/wp\/v2\/pages"}],"about":[{"href":"https:\/\/jose-rodriguez.de\/es\/wp-json\/wp\/v2\/types\/page"}],"author":[{"embeddable":true,"href":"https:\/\/jose-rodriguez.de\/es\/wp-json\/wp\/v2\/users\/2"}],"replies":[{"embeddable":true,"href":"https:\/\/jose-rodriguez.de\/es\/wp-json\/wp\/v2\/comments?post=50"}],"version-history":[{"count":0,"href":"https:\/\/jose-rodriguez.de\/es\/wp-json\/wp\/v2\/pages\/50\/revisions"}],"wp:attachment":[{"href":"https:\/\/jose-rodriguez.de\/es\/wp-json\/wp\/v2\/media?parent=50"}],"wp:term":[{"taxonomy":"category","embeddable":true,"href":"https:\/\/jose-rodriguez.de\/es\/wp-json\/wp\/v2\/categories?post=50"},{"taxonomy":"post_tag","embeddable":true,"href":"https:\/\/jose-rodriguez.de\/es\/wp-json\/wp\/v2\/tags?post=50"}],"curies":[{"name":"wp","href":"https:\/\/api.w.org\/{rel}","templated":true}]}}