{"id":26,"date":"2020-12-14T15:51:02","date_gmt":"2020-12-14T14:51:02","guid":{"rendered":"https:\/\/wp.jose-rodriguez.de\/?page_id=26"},"modified":"2022-03-27T15:39:07","modified_gmt":"2022-03-27T13:39:07","slug":"komponist-songwriter","status":"publish","type":"page","link":"https:\/\/jose-rodriguez.de\/es\/komponist-songwriter\/","title":{"rendered":"Komponist &amp; Songwriter"},"content":{"rendered":"<div data-elementor-type=\"wp-post\" data-elementor-id=\"26\" class=\"elementor elementor-26\" data-elementor-post-type=\"page\">\n\t\t\t\t\t\t<section class=\"elementor-section elementor-top-section elementor-element elementor-element-5b4d7f2 elementor-section-boxed elementor-section-height-default elementor-section-height-default\" data-id=\"5b4d7f2\" data-element_type=\"section\" data-e-type=\"section\">\n\t\t\t\t\t\t<div class=\"elementor-container elementor-column-gap-default\">\n\t\t\t\t\t<div class=\"elementor-column elementor-col-100 elementor-top-column elementor-element elementor-element-ce8546b\" data-id=\"ce8546b\" data-element_type=\"column\" data-e-type=\"column\">\n\t\t\t<div class=\"elementor-widget-wrap elementor-element-populated\">\n\t\t\t\t\t\t<div class=\"elementor-element elementor-element-1a2a3ba elementor-widget elementor-widget-heading\" data-id=\"1a2a3ba\" data-element_type=\"widget\" data-e-type=\"widget\" data-widget_type=\"heading.default\">\n\t\t\t\t\t<h2 class=\"elementor-heading-title elementor-size-default\">Komponist, Songwriter, Arrangeur \u2022 Jos\u00e9 Rodriguez<\/h2>\t\t\t\t<\/div>\n\t\t\t\t\t<\/div>\n\t\t<\/div>\n\t\t\t\t\t<\/div>\n\t\t<\/section>\n\t\t\t\t<section class=\"elementor-section elementor-top-section elementor-element elementor-element-a2c524a elementor-reverse-mobile elementor-section-boxed elementor-section-height-default elementor-section-height-default\" data-id=\"a2c524a\" data-element_type=\"section\" data-e-type=\"section\">\n\t\t\t\t\t\t<div class=\"elementor-container elementor-column-gap-default\">\n\t\t\t\t\t<div class=\"elementor-column elementor-col-50 elementor-top-column elementor-element elementor-element-2de5e78\" data-id=\"2de5e78\" data-element_type=\"column\" data-e-type=\"column\">\n\t\t\t<div class=\"elementor-widget-wrap elementor-element-populated\">\n\t\t\t\t\t\t<div class=\"elementor-element elementor-element-6ed6dcd elementor-widget elementor-widget-text-editor\" data-id=\"6ed6dcd\" data-element_type=\"widget\" data-e-type=\"widget\" data-widget_type=\"text-editor.default\">\n\t\t\t\t\t\t\t\t\t<p>\u00dcber die Wirkung von T\u00f6ne &amp; Kl\u00e4nge kann ich mich immer wieder dar\u00fcber begeistern, besonders dar\u00fcber, wie gut sie tun k\u00f6nnen.<\/p><p><span style=\"color: var( --e-global-color-text ); font-family: var( --e-global-typography-text-font-family ), Sans-serif; font-weight: var( --e-global-typography-text-font-weight ); font-size: 1rem;\">Neugierig und manchmal auch von der Muse gek\u00fcsst \ud83d\ude09 entdecke ich neue Melodien. Neue Kl\u00e4nge k\u00f6nnen ein sonniges L\u00e4cheln, ein herzhaftes Lachen ausl\u00f6sen oder einen in Bewegung bringen.<\/span><\/p><p><span style=\"color: var( --e-global-color-text ); font-family: var( --e-global-typography-text-font-family ), Sans-serif; font-weight: var( --e-global-typography-text-font-weight ); font-size: 1rem;\">Klang, T\u00f6ne und Musik k\u00f6nnen an Sch\u00f6nes erinnern,\u00a0<\/span><span style=\"color: var( --e-global-color-text ); font-family: var( --e-global-typography-text-font-family ), Sans-serif; font-weight: var( --e-global-typography-text-font-weight ); font-size: 1rem;\">in romantische oder nostalgische Traumwelten entr\u00fccken.<\/span><\/p><p>Sie k\u00f6nnen so viel, auch so viel Gutes.<\/p><p><br \/><a href=\"https:\/\/distrokid.com\/hyperfollow\/joserodriguez1\/farben-des-glcks\" target=\"_blank\" rel=\"noopener noreferrer nofollow\">Lieder mit<\/a> und auch <a href=\"https:\/\/distrokid.com\/hyperfollow\/joserodriguez1\/caminos\" target=\"_blank\" rel=\"noopener noreferrer nofollow\">ohne Worte<\/a>, die jeder Mensch versteht, wenn nichts mehr gesagt und nichts mehr erkl\u00e4rt werden muss.<\/p><p><br \/>Musik, die den Zuh\u00f6rer im Tiefsten seines Seins ber\u00fchrt. Kl\u00e4nge, die Tore \u00f6ffnen, um das sehen und erleben zu k\u00f6nnen, was gut tut.<br \/>\u201eIch w\u00fcnsche mir, das es gelingt, jeden meiner T\u00f6ne mit Wertsch\u00e4tzung und mit Liebe zu f\u00fcllen\u201c<\/p>\t\t\t\t\t\t\t\t<\/div>\n\t\t\t\t\t<\/div>\n\t\t<\/div>\n\t\t\t\t<div class=\"elementor-column elementor-col-50 elementor-top-column elementor-element elementor-element-01a9dd1\" data-id=\"01a9dd1\" data-element_type=\"column\" data-e-type=\"column\">\n\t\t\t<div class=\"elementor-widget-wrap elementor-element-populated\">\n\t\t\t\t\t\t<div class=\"elementor-element elementor-element-f7a919f elementor-widget elementor-widget-image\" data-id=\"f7a919f\" data-element_type=\"widget\" data-e-type=\"widget\" data-widget_type=\"image.default\">\n\t\t\t\t\t\t\t\t\t\t\t\t\t\t\t<img fetchpriority=\"high\" decoding=\"async\" width=\"768\" height=\"767\" src=\"https:\/\/jose-rodriguez.de\/wp-content\/uploads\/2022\/03\/Jose_Rodriguez_Songwriter-SQ-768x767.jpeg\" class=\"attachment-medium_large size-medium_large wp-image-2769\" alt=\"\" srcset=\"https:\/\/jose-rodriguez.de\/wp-content\/uploads\/2022\/03\/Jose_Rodriguez_Songwriter-SQ-768x767.jpeg 768w, https:\/\/jose-rodriguez.de\/wp-content\/uploads\/2022\/03\/Jose_Rodriguez_Songwriter-SQ-300x300.jpeg 300w, https:\/\/jose-rodriguez.de\/wp-content\/uploads\/2022\/03\/Jose_Rodriguez_Songwriter-SQ-1024x1024.jpeg 1024w, https:\/\/jose-rodriguez.de\/wp-content\/uploads\/2022\/03\/Jose_Rodriguez_Songwriter-SQ-150x150.jpeg 150w, https:\/\/jose-rodriguez.de\/wp-content\/uploads\/2022\/03\/Jose_Rodriguez_Songwriter-SQ-1536x1534.jpeg 1536w, https:\/\/jose-rodriguez.de\/wp-content\/uploads\/2022\/03\/Jose_Rodriguez_Songwriter-SQ-12x12.jpeg 12w, https:\/\/jose-rodriguez.de\/wp-content\/uploads\/2022\/03\/Jose_Rodriguez_Songwriter-SQ.jpeg 1778w\" sizes=\"(max-width: 768px) 100vw, 768px\" \/>\t\t\t\t\t\t\t\t\t\t\t\t\t\t\t<\/div>\n\t\t\t\t\t<\/div>\n\t\t<\/div>\n\t\t\t\t\t<\/div>\n\t\t<\/section>\n\t\t\t\t<\/div>","protected":false},"excerpt":{"rendered":"<p>Komponist, Songwriter, Arrangeur \u2022 Jos\u00e9 Rodriguez \u00dcber die Wirkung von T\u00f6ne &amp; Kl\u00e4nge kann ich mich immer wieder dar\u00fcber begeistern, besonders dar\u00fcber, wie gut sie tun k\u00f6nnen. Neugierig und manchmal auch von der Muse gek\u00fcsst \ud83d\ude09 entdecke ich neue Melodien. Neue Kl\u00e4nge k\u00f6nnen ein sonniges L\u00e4cheln, ein herzhaftes Lachen ausl\u00f6sen oder einen in Bewegung bringen. [&hellip;]<\/p>\n","protected":false},"author":2,"featured_media":0,"parent":0,"menu_order":0,"comment_status":"closed","ping_status":"closed","template":"elementor_header_footer","meta":{"pmpro_default_level":"","h5ap_radio_sources":[],"footnotes":""},"categories":[],"tags":[],"class_list":["post-26","page","type-page","status-publish","hentry","pmpro-has-access"],"_links":{"self":[{"href":"https:\/\/jose-rodriguez.de\/es\/wp-json\/wp\/v2\/pages\/26","targetHints":{"allow":["GET"]}}],"collection":[{"href":"https:\/\/jose-rodriguez.de\/es\/wp-json\/wp\/v2\/pages"}],"about":[{"href":"https:\/\/jose-rodriguez.de\/es\/wp-json\/wp\/v2\/types\/page"}],"author":[{"embeddable":true,"href":"https:\/\/jose-rodriguez.de\/es\/wp-json\/wp\/v2\/users\/2"}],"replies":[{"embeddable":true,"href":"https:\/\/jose-rodriguez.de\/es\/wp-json\/wp\/v2\/comments?post=26"}],"version-history":[{"count":0,"href":"https:\/\/jose-rodriguez.de\/es\/wp-json\/wp\/v2\/pages\/26\/revisions"}],"wp:attachment":[{"href":"https:\/\/jose-rodriguez.de\/es\/wp-json\/wp\/v2\/media?parent=26"}],"wp:term":[{"taxonomy":"category","embeddable":true,"href":"https:\/\/jose-rodriguez.de\/es\/wp-json\/wp\/v2\/categories?post=26"},{"taxonomy":"post_tag","embeddable":true,"href":"https:\/\/jose-rodriguez.de\/es\/wp-json\/wp\/v2\/tags?post=26"}],"curies":[{"name":"wp","href":"https:\/\/api.w.org\/{rel}","templated":true}]}}