{"id":196,"date":"2020-12-14T20:49:42","date_gmt":"2020-12-14T19:49:42","guid":{"rendered":"https:\/\/wp.jose-rodriguez.de\/?page_id=196"},"modified":"2026-03-05T14:50:17","modified_gmt":"2026-03-05T13:50:17","slug":"pianist-singer-entertainer-composer","status":"publish","type":"page","link":"https:\/\/jose-rodriguez.de\/es\/","title":{"rendered":"Pianist Singer Entertainer Composer"},"content":{"rendered":"<div data-elementor-type=\"wp-page\" data-elementor-id=\"196\" class=\"elementor elementor-196\" data-elementor-post-type=\"page\">\n\t\t\t\t\t\t<div class=\"elementor-section elementor-top-section elementor-element elementor-element-793e021 elementor-reverse-mobile elementor-section-boxed elementor-section-height-default elementor-section-height-default\" data-id=\"793e021\" data-element_type=\"section\" data-e-type=\"section\">\n\t\t\t\t\t\t<div class=\"elementor-container elementor-column-gap-default\">\n\t\t\t\t\t<div class=\"elementor-column elementor-col-50 elementor-top-column elementor-element elementor-element-331fb00\" data-id=\"331fb00\" data-element_type=\"column\" data-e-type=\"column\">\n\t\t\t<div class=\"elementor-widget-wrap elementor-element-populated\">\n\t\t\t\t\t\t<div class=\"elementor-element elementor-element-4f4bccb elementor-widget elementor-widget-heading\" data-id=\"4f4bccb\" data-element_type=\"widget\" data-e-type=\"widget\" data-widget_type=\"heading.default\">\n\t\t\t\t\t<h1 class=\"elementor-heading-title elementor-size-default\">Pianist S\u00e4nger Entertainer<\/h1>\t\t\t\t<\/div>\n\t\t\t\t<div class=\"elementor-element elementor-element-da11d88 elementor-widget elementor-widget-heading\" data-id=\"da11d88\" data-element_type=\"widget\" data-e-type=\"widget\" data-widget_type=\"heading.default\">\n\t\t\t\t\t<h2 class=\"elementor-heading-title elementor-size-default\">Pianist<\/h2>\t\t\t\t<\/div>\n\t\t\t\t<div class=\"elementor-element elementor-element-a3e6b55 elementor-widget elementor-widget-text-editor\" data-id=\"a3e6b55\" data-element_type=\"widget\" data-e-type=\"widget\" data-widget_type=\"text-editor.default\">\n\t\t\t\t\t\t\t\t\t<p>Tauchen Sie ein in die magische Welt der Klaviert\u00f6ne und erleben Sie eine unvergessliche musikalische Reise. Als leidenschaftlicher Pianist entlockt Jos\u00e9 Rodriguez dem Fl\u00fcgel wunderbare Melodien, die Ihre Sinne verzaubern werden.\u00a0<\/p><p>Mit jeder Ber\u00fchrung der Tasten entsteht ein faszinierendes Zusammenspiel von Emotionen und Harmonien.\u00a0<\/p><p>Lassen Sie sich von seiner sensiblen und einf\u00fchlsamen Spielweise in eine Welt voller Tr\u00e4ume und Erinnerungen entf\u00fchren. Genie\u00dfen Sie die Kl\u00e4nge, die Ihre Seele ber\u00fchren und sp\u00fcren Sie die Magie der Musik.<\/p>\t\t\t\t\t\t\t\t<\/div>\n\t\t\t\t\t<\/div>\n\t\t<\/div>\n\t\t\t\t<div class=\"elementor-column elementor-col-50 elementor-top-column elementor-element elementor-element-5143f11\" data-id=\"5143f11\" data-element_type=\"column\" data-e-type=\"column\">\n\t\t\t<div class=\"elementor-widget-wrap elementor-element-populated\">\n\t\t\t\t\t\t<div class=\"elementor-element elementor-element-e137df7 elementor-invisible elementor-widget elementor-widget-image\" data-id=\"e137df7\" data-element_type=\"widget\" data-e-type=\"widget\" data-settings=\"{&quot;_animation&quot;:&quot;slideInRight&quot;}\" data-widget_type=\"image.default\">\n\t\t\t\t\t\t\t\t\t\t\t\t\t\t\t<img fetchpriority=\"high\" decoding=\"async\" width=\"768\" height=\"724\" src=\"https:\/\/jose-rodriguez.de\/wp-content\/uploads\/2020\/12\/AlexKuehr_img_0813-768x724.jpg\" class=\"attachment-medium_large size-medium_large wp-image-1768\" alt=\"\" srcset=\"https:\/\/jose-rodriguez.de\/wp-content\/uploads\/2020\/12\/AlexKuehr_img_0813-768x724.jpg 768w, https:\/\/jose-rodriguez.de\/wp-content\/uploads\/2020\/12\/AlexKuehr_img_0813-300x283.jpg 300w, https:\/\/jose-rodriguez.de\/wp-content\/uploads\/2020\/12\/AlexKuehr_img_0813-1024x966.jpg 1024w, https:\/\/jose-rodriguez.de\/wp-content\/uploads\/2020\/12\/AlexKuehr_img_0813-1536x1449.jpg 1536w, https:\/\/jose-rodriguez.de\/wp-content\/uploads\/2020\/12\/AlexKuehr_img_0813-2048x1931.jpg 2048w, https:\/\/jose-rodriguez.de\/wp-content\/uploads\/2020\/12\/AlexKuehr_img_0813-13x12.jpg 13w\" sizes=\"(max-width: 768px) 100vw, 768px\" \/>\t\t\t\t\t\t\t\t\t\t\t\t\t\t\t<\/div>\n\t\t\t\t\t<\/div>\n\t\t<\/div>\n\t\t\t\t\t<\/div>\n\t\t<\/div>\n\t\t\t\t<div class=\"elementor-section elementor-top-section elementor-element elementor-element-d2e7d7d elementor-section-boxed elementor-section-height-default elementor-section-height-default\" data-id=\"d2e7d7d\" data-element_type=\"section\" data-e-type=\"section\">\n\t\t\t\t\t\t<div class=\"elementor-container elementor-column-gap-default\">\n\t\t\t\t\t<div class=\"elementor-column elementor-col-50 elementor-top-column elementor-element elementor-element-be2c64e\" data-id=\"be2c64e\" data-element_type=\"column\" data-e-type=\"column\">\n\t\t\t<div class=\"elementor-widget-wrap elementor-element-populated\">\n\t\t\t\t\t\t<div class=\"elementor-element elementor-element-afb2e10 elementor-invisible elementor-widget elementor-widget-image\" data-id=\"afb2e10\" data-element_type=\"widget\" data-e-type=\"widget\" data-settings=\"{&quot;_animation&quot;:&quot;slideInLeft&quot;}\" data-widget_type=\"image.default\">\n\t\t\t\t\t\t\t\t\t\t\t\t\t\t\t<img decoding=\"async\" width=\"768\" height=\"667\" src=\"https:\/\/jose-rodriguez.de\/wp-content\/uploads\/2020\/12\/Farideh_F8R2326-Kopie-2-GESANG-768x667.jpg\" class=\"attachment-medium_large size-medium_large wp-image-1788\" alt=\"\" srcset=\"https:\/\/jose-rodriguez.de\/wp-content\/uploads\/2020\/12\/Farideh_F8R2326-Kopie-2-GESANG-768x667.jpg 768w, https:\/\/jose-rodriguez.de\/wp-content\/uploads\/2020\/12\/Farideh_F8R2326-Kopie-2-GESANG-300x261.jpg 300w, https:\/\/jose-rodriguez.de\/wp-content\/uploads\/2020\/12\/Farideh_F8R2326-Kopie-2-GESANG-1024x890.jpg 1024w, https:\/\/jose-rodriguez.de\/wp-content\/uploads\/2020\/12\/Farideh_F8R2326-Kopie-2-GESANG-1536x1335.jpg 1536w, https:\/\/jose-rodriguez.de\/wp-content\/uploads\/2020\/12\/Farideh_F8R2326-Kopie-2-GESANG-2048x1780.jpg 2048w, https:\/\/jose-rodriguez.de\/wp-content\/uploads\/2020\/12\/Farideh_F8R2326-Kopie-2-GESANG-14x12.jpg 14w\" sizes=\"(max-width: 768px) 100vw, 768px\" \/>\t\t\t\t\t\t\t\t\t\t\t\t\t\t\t<\/div>\n\t\t\t\t\t<\/div>\n\t\t<\/div>\n\t\t\t\t<div class=\"elementor-column elementor-col-50 elementor-top-column elementor-element elementor-element-5d74ddf\" data-id=\"5d74ddf\" data-element_type=\"column\" data-e-type=\"column\">\n\t\t\t<div class=\"elementor-widget-wrap elementor-element-populated\">\n\t\t\t\t\t\t<div class=\"elementor-element elementor-element-0f9df81 elementor-widget elementor-widget-heading\" data-id=\"0f9df81\" data-element_type=\"widget\" data-e-type=\"widget\" data-widget_type=\"heading.default\">\n\t\t\t\t\t<h2 class=\"elementor-heading-title elementor-size-default\">S\u00e4nger<\/h2>\t\t\t\t<\/div>\n\t\t\t\t<div class=\"elementor-element elementor-element-bd88824 elementor-widget elementor-widget-text-editor\" data-id=\"bd88824\" data-element_type=\"widget\" data-e-type=\"widget\" data-widget_type=\"text-editor.default\">\n\t\t\t\t\t\t\t\t\t<p>Die warme und ausdrucksstarke Stimme von Jos\u00e9 Rodriguez wird Sie tief ber\u00fchren. Als charismatischer S\u00e4nger vereint er seine Stimme mit dem Klang des Klaviers zu einer harmonischen Einheit.<\/p><p>Mit jedem Ton entf\u00fchrt er Sie in eine Welt voller Emotionen und Geschichten. Ob sanft und melancholisch oder kraftvoll und mitrei\u00dfend &#8211; Jos\u00e9 Rodriguez beherrscht die Kunst des Gesangs in all ihren Facetten.<\/p><p>Er nimmt Sie mit auf eine wunderbare musikalische Reise, bei der Sie die Freude und Begeisterung sp\u00fcren werden, die seine Musik vermittelt. Lassen Sie sich von seiner einzigartigen Stimme verf\u00fchren und erleben Sie unvergessliche Momente.<\/p>\t\t\t\t\t\t\t\t<\/div>\n\t\t\t\t\t<\/div>\n\t\t<\/div>\n\t\t\t\t\t<\/div>\n\t\t<\/div>\n\t\t\t\t<div class=\"elementor-section elementor-top-section elementor-element elementor-element-2cf9d24 elementor-reverse-mobile elementor-section-boxed elementor-section-height-default elementor-section-height-default\" data-id=\"2cf9d24\" data-element_type=\"section\" data-e-type=\"section\">\n\t\t\t\t\t\t<div class=\"elementor-container elementor-column-gap-default\">\n\t\t\t\t\t<div class=\"elementor-column elementor-col-50 elementor-top-column elementor-element elementor-element-212c43a\" data-id=\"212c43a\" data-element_type=\"column\" data-e-type=\"column\">\n\t\t\t<div class=\"elementor-widget-wrap elementor-element-populated\">\n\t\t\t\t\t\t<div class=\"elementor-element elementor-element-b7a54c8 elementor-widget elementor-widget-heading\" data-id=\"b7a54c8\" data-element_type=\"widget\" data-e-type=\"widget\" data-widget_type=\"heading.default\">\n\t\t\t\t\t<h2 class=\"elementor-heading-title elementor-size-default\">Entertainer<\/h2>\t\t\t\t<\/div>\n\t\t\t\t<div class=\"elementor-element elementor-element-19c57a7 elementor-widget elementor-widget-text-editor\" data-id=\"19c57a7\" data-element_type=\"widget\" data-e-type=\"widget\" data-widget_type=\"text-editor.default\">\n\t\t\t\t\t\t\t\t\t<p>Als Entertainer begeistert Jos\u00e9 Rodriguez sein Publikum mit seinem au\u00dfergew\u00f6hnlichen Talent f\u00fcr Melodien und Rhythmen.<\/p><p>Rr jongliert gekonnt mit T\u00f6nen und schafft eine mitrei\u00dfende Atmosph\u00e4re, die jeden in den Bann zieht. Seine Musik ist wie ein Urlaub f\u00fcr die Sinne, eine Auszeit vom Alltag.&nbsp;<\/p><p>Mit seiner charmanten Art und seiner ansteckenden Energie bringt er Menschen zum Lachen, Mitsingen und Tanzen. Flexibel und einfallsreich passt er seinen Auftritt an jede Situation an und sorgt f\u00fcr unvergessliche Momente voller Freude und Entertainment.&nbsp;<\/p><p>Seien Sie bereit f\u00fcr ein unvergessliches Erlebnis mit Jos\u00e9 Rodriguez als Ihrem Entertainer.<\/p>\t\t\t\t\t\t\t\t<\/div>\n\t\t\t\t\t<\/div>\n\t\t<\/div>\n\t\t\t\t<div class=\"elementor-column elementor-col-50 elementor-top-column elementor-element elementor-element-6b67336\" data-id=\"6b67336\" data-element_type=\"column\" data-e-type=\"column\">\n\t\t\t<div class=\"elementor-widget-wrap elementor-element-populated\">\n\t\t\t\t\t\t<div class=\"elementor-element elementor-element-2b04ca4 elementor-invisible elementor-widget elementor-widget-image\" data-id=\"2b04ca4\" data-element_type=\"widget\" data-e-type=\"widget\" data-settings=\"{&quot;_animation&quot;:&quot;slideInRight&quot;}\" data-widget_type=\"image.default\">\n\t\t\t\t\t\t\t\t\t\t\t\t\t\t\t<img decoding=\"async\" width=\"768\" height=\"512\" src=\"https:\/\/jose-rodriguez.de\/wp-content\/uploads\/2020\/12\/IMG_4233-768x512.jpg\" class=\"attachment-medium_large size-medium_large wp-image-1795\" alt=\"\" srcset=\"https:\/\/jose-rodriguez.de\/wp-content\/uploads\/2020\/12\/IMG_4233-768x512.jpg 768w, https:\/\/jose-rodriguez.de\/wp-content\/uploads\/2020\/12\/IMG_4233-300x200.jpg 300w, https:\/\/jose-rodriguez.de\/wp-content\/uploads\/2020\/12\/IMG_4233-1024x683.jpg 1024w, https:\/\/jose-rodriguez.de\/wp-content\/uploads\/2020\/12\/IMG_4233-1536x1024.jpg 1536w, https:\/\/jose-rodriguez.de\/wp-content\/uploads\/2020\/12\/IMG_4233-2048x1365.jpg 2048w, https:\/\/jose-rodriguez.de\/wp-content\/uploads\/2020\/12\/IMG_4233-16x12.jpg 16w\" sizes=\"(max-width: 768px) 100vw, 768px\" \/>\t\t\t\t\t\t\t\t\t\t\t\t\t\t\t<\/div>\n\t\t\t\t\t<\/div>\n\t\t<\/div>\n\t\t\t\t\t<\/div>\n\t\t<\/div>\n\t\t\t\t<\/div>","protected":false},"excerpt":{"rendered":"<p>Pianist S\u00e4nger Entertainer Pianist Tauchen Sie ein in die magische Welt der Klaviert\u00f6ne und erleben Sie eine unvergessliche musikalische Reise. Als leidenschaftlicher Pianist entlockt Jos\u00e9 Rodriguez dem Fl\u00fcgel wunderbare Melodien, die Ihre Sinne verzaubern werden.\u00a0 Mit jeder Ber\u00fchrung der Tasten entsteht ein faszinierendes Zusammenspiel von Emotionen und Harmonien.\u00a0 Lassen Sie sich von seiner sensiblen und [&hellip;]<\/p>\n","protected":false},"author":2,"featured_media":0,"parent":0,"menu_order":0,"comment_status":"closed","ping_status":"closed","template":"elementor_header_footer","meta":{"pmpro_default_level":"","h5ap_radio_sources":[],"footnotes":""},"categories":[],"tags":[],"class_list":["post-196","page","type-page","status-publish","hentry","pmpro-has-access"],"_links":{"self":[{"href":"https:\/\/jose-rodriguez.de\/es\/wp-json\/wp\/v2\/pages\/196","targetHints":{"allow":["GET"]}}],"collection":[{"href":"https:\/\/jose-rodriguez.de\/es\/wp-json\/wp\/v2\/pages"}],"about":[{"href":"https:\/\/jose-rodriguez.de\/es\/wp-json\/wp\/v2\/types\/page"}],"author":[{"embeddable":true,"href":"https:\/\/jose-rodriguez.de\/es\/wp-json\/wp\/v2\/users\/2"}],"replies":[{"embeddable":true,"href":"https:\/\/jose-rodriguez.de\/es\/wp-json\/wp\/v2\/comments?post=196"}],"version-history":[{"count":0,"href":"https:\/\/jose-rodriguez.de\/es\/wp-json\/wp\/v2\/pages\/196\/revisions"}],"wp:attachment":[{"href":"https:\/\/jose-rodriguez.de\/es\/wp-json\/wp\/v2\/media?parent=196"}],"wp:term":[{"taxonomy":"category","embeddable":true,"href":"https:\/\/jose-rodriguez.de\/es\/wp-json\/wp\/v2\/categories?post=196"},{"taxonomy":"post_tag","embeddable":true,"href":"https:\/\/jose-rodriguez.de\/es\/wp-json\/wp\/v2\/tags?post=196"}],"curies":[{"name":"wp","href":"https:\/\/api.w.org\/{rel}","templated":true}]}}