{"id":1012,"date":"2020-12-14T15:38:22","date_gmt":"2020-12-14T14:38:22","guid":{"rendered":"https:\/\/wp.jose-rodriguez.de\/?page_id=11"},"modified":"2026-03-19T18:58:55","modified_gmt":"2026-03-19T17:58:55","slug":"edles-entertainment-fuer-ihr-event-von-jose-rodriguez","status":"publish","type":"page","link":"https:\/\/jose-rodriguez.de\/es\/edles-entertainment-fuer-ihr-event-von-jose-rodriguez\/","title":{"rendered":"Edles Entertainment f\u00fcr Ihr Event von Jos\u00e9 Rodriguez \u200b"},"content":{"rendered":"<div data-elementor-type=\"wp-post\" data-elementor-id=\"1012\" class=\"elementor elementor-1012\" data-elementor-post-type=\"page\">\n\t\t\t\t\t\t<section class=\"elementor-section elementor-top-section elementor-element elementor-element-4b1a389 elementor-section-boxed elementor-section-height-default elementor-section-height-default\" data-id=\"4b1a389\" data-element_type=\"section\" data-e-type=\"section\">\n\t\t\t\t\t\t<div class=\"elementor-container elementor-column-gap-default\">\n\t\t\t\t\t<div class=\"elementor-column elementor-col-100 elementor-top-column elementor-element elementor-element-14b0dd8\" data-id=\"14b0dd8\" data-element_type=\"column\" data-e-type=\"column\">\n\t\t\t<div class=\"elementor-widget-wrap elementor-element-populated\">\n\t\t\t\t\t\t\t<\/div>\n\t\t<\/div>\n\t\t\t\t\t<\/div>\n\t\t<\/section>\n\t\t\t\t<section class=\"elementor-section elementor-top-section elementor-element elementor-element-8103ac3 elementor-section-boxed elementor-section-height-default elementor-section-height-default\" data-id=\"8103ac3\" data-element_type=\"section\" data-e-type=\"section\">\n\t\t\t\t\t\t<div class=\"elementor-container elementor-column-gap-default\">\n\t\t\t\t\t<div class=\"elementor-column elementor-col-50 elementor-top-column elementor-element elementor-element-f3ddf90\" data-id=\"f3ddf90\" data-element_type=\"column\" data-e-type=\"column\">\n\t\t\t<div class=\"elementor-widget-wrap elementor-element-populated\">\n\t\t\t\t\t\t<div class=\"elementor-element elementor-element-6737d58 elementor-widget elementor-widget-heading\" data-id=\"6737d58\" data-element_type=\"widget\" data-e-type=\"widget\" data-widget_type=\"heading.default\">\n\t\t\t\t\t<h2 class=\"elementor-heading-title elementor-size-default\">Events und das ideale, passende Entertainment<\/h2>\t\t\t\t<\/div>\n\t\t\t\t<div class=\"elementor-element elementor-element-6b04954 elementor-widget elementor-widget-text-editor\" data-id=\"6b04954\" data-element_type=\"widget\" data-e-type=\"widget\" data-widget_type=\"text-editor.default\">\n\t\t\t\t\t\t\t\t\t<p><span style=\"color: var( --e-global-color-text ); font-family: var( --e-global-typography-text-font-family ), Sans-serif; font-weight: var( --e-global-typography-text-font-weight ); font-size: 1rem;\">Mit seinem anspruchsvollen und vielseitigen Piano-Entertainment der Extraklasse v<\/span><span style=\"color: var( --e-global-color-text ); font-family: var( --e-global-typography-text-font-family ), Sans-serif; font-weight: var( --e-global-typography-text-font-weight ); font-size: 1rem;\">erzaubert Jos\u00e9 Rodriguez auch Sie und Ihre G\u00e4ste<\/span><span style=\"color: var( --e-global-color-text ); font-family: var( --e-global-typography-text-font-family ), Sans-serif; font-weight: var( --e-global-typography-text-font-weight ); font-size: 1rem;\">.<\/span><\/p><p>Wenn Jos\u00e9 Rodriguez sich selbst a<span style=\"color: var( --e-global-color-text ); font-family: var( --e-global-typography-text-font-family ), Sans-serif; font-weight: var( --e-global-typography-text-font-weight ); font-size: 1rem;\">m Piano singend begleitet<\/span><span style=\"color: var( --e-global-color-text ); font-family: var( --e-global-typography-text-font-family ), Sans-serif; font-weight: var( --e-global-typography-text-font-weight ); font-size: 1rem;\">, f\u00fchrt er auch Sie, Ihre Mitarbeiter und Ihre G\u00e4ste durch eine spannende und wohltuende Traumreise mit den st\u00e4rksten Songs.<\/span><\/p><p>Meisterlich gekonnt mit erstklassigem, powervollen und gef\u00fchlvollen Gesang h\u00e4lt er in seiner Performance kontinuierlich eine angenehme Verbindung zu seinem Publikum.<\/p><p>Er hat ein einzigartiges Feingesp\u00fcr, im richtigen Augenblick das Passende zu spielen und aus seinem gro\u00dfartigen Repertoire treffend das Beste zu Tasten zu bringen und zu singen.<\/p><p>Immer Stilvoll und immer charmant, witzig &amp; einladend.<\/p><p><a href=\"mailto:jr@jose-rodriguez.de?subject=Mail%20von%20Ihrer%20Webseite%20%E2%80%A2%20Jos%C3%A9%20%20Rodriguez%20%E2%80%A2Pianist%20%E2%80%A2%20S%C3%A4nger%20%E2%80%A2%20Entertainer%20%E2%80%A2%20Produzent\">M\u00f6chten Sie mehr erfahren?<\/a><\/p><p>\u00a0<\/p>\t\t\t\t\t\t\t\t<\/div>\n\t\t\t\t\t<\/div>\n\t\t<\/div>\n\t\t\t\t<div class=\"elementor-column elementor-col-50 elementor-top-column elementor-element elementor-element-b69f1b8\" data-id=\"b69f1b8\" data-element_type=\"column\" data-e-type=\"column\">\n\t\t\t<div class=\"elementor-widget-wrap elementor-element-populated\">\n\t\t\t\t\t\t<div class=\"elementor-element elementor-element-41a62c6 e-transform elementor-widget elementor-widget-image\" data-id=\"41a62c6\" data-element_type=\"widget\" data-e-type=\"widget\" data-settings=\"{&quot;_animation&quot;:&quot;none&quot;,&quot;_transform_translateY_effect&quot;:{&quot;unit&quot;:&quot;px&quot;,&quot;size&quot;:0,&quot;sizes&quot;:[]},&quot;_transform_translateX_effect&quot;:{&quot;unit&quot;:&quot;px&quot;,&quot;size&quot;:&quot;&quot;,&quot;sizes&quot;:[]},&quot;_transform_translateX_effect_tablet&quot;:{&quot;unit&quot;:&quot;px&quot;,&quot;size&quot;:&quot;&quot;,&quot;sizes&quot;:[]},&quot;_transform_translateX_effect_mobile&quot;:{&quot;unit&quot;:&quot;px&quot;,&quot;size&quot;:&quot;&quot;,&quot;sizes&quot;:[]},&quot;_transform_translateY_effect_tablet&quot;:{&quot;unit&quot;:&quot;px&quot;,&quot;size&quot;:&quot;&quot;,&quot;sizes&quot;:[]},&quot;_transform_translateY_effect_mobile&quot;:{&quot;unit&quot;:&quot;px&quot;,&quot;size&quot;:&quot;&quot;,&quot;sizes&quot;:[]}}\" data-widget_type=\"image.default\">\n\t\t\t\t\t\t\t\t\t\t\t\t\t\t\t<img fetchpriority=\"high\" decoding=\"async\" width=\"768\" height=\"768\" src=\"https:\/\/jose-rodriguez.de\/wp-content\/uploads\/2022\/03\/MEWA-FM18-13x19cm-JMai_04469-11-768x768.jpg\" class=\"attachment-medium_large size-medium_large wp-image-1976\" alt=\"\" srcset=\"https:\/\/jose-rodriguez.de\/wp-content\/uploads\/2022\/03\/MEWA-FM18-13x19cm-JMai_04469-11-768x768.jpg 768w, https:\/\/jose-rodriguez.de\/wp-content\/uploads\/2022\/03\/MEWA-FM18-13x19cm-JMai_04469-11-300x300.jpg 300w, https:\/\/jose-rodriguez.de\/wp-content\/uploads\/2022\/03\/MEWA-FM18-13x19cm-JMai_04469-11-1024x1024.jpg 1024w, https:\/\/jose-rodriguez.de\/wp-content\/uploads\/2022\/03\/MEWA-FM18-13x19cm-JMai_04469-11-150x150.jpg 150w, https:\/\/jose-rodriguez.de\/wp-content\/uploads\/2022\/03\/MEWA-FM18-13x19cm-JMai_04469-11-12x12.jpg 12w, https:\/\/jose-rodriguez.de\/wp-content\/uploads\/2022\/03\/MEWA-FM18-13x19cm-JMai_04469-11.jpg 1529w\" sizes=\"(max-width: 768px) 100vw, 768px\" \/>\t\t\t\t\t\t\t\t\t\t\t\t\t\t\t<\/div>\n\t\t\t\t\t<\/div>\n\t\t<\/div>\n\t\t\t\t\t<\/div>\n\t\t<\/section>\n\t\t\t\t<section class=\"elementor-section elementor-top-section elementor-element elementor-element-aced5b4 elementor-section-boxed elementor-section-height-default elementor-section-height-default\" data-id=\"aced5b4\" data-element_type=\"section\" data-e-type=\"section\">\n\t\t\t\t\t\t<div class=\"elementor-container elementor-column-gap-default\">\n\t\t\t\t\t<div class=\"elementor-column elementor-col-50 elementor-top-column elementor-element elementor-element-d2a2e2f\" data-id=\"d2a2e2f\" data-element_type=\"column\" data-e-type=\"column\">\n\t\t\t<div class=\"elementor-widget-wrap elementor-element-populated\">\n\t\t\t\t\t\t<div class=\"elementor-element elementor-element-334da3f elementor-invisible elementor-widget elementor-widget-image\" data-id=\"334da3f\" data-element_type=\"widget\" data-e-type=\"widget\" data-settings=\"{&quot;_animation&quot;:&quot;slideInLeft&quot;}\" data-widget_type=\"image.default\">\n\t\t\t\t\t\t\t\t\t\t\t\t\t\t\t<img decoding=\"async\" width=\"768\" height=\"768\" src=\"https:\/\/jose-rodriguez.de\/wp-content\/uploads\/2022\/03\/MEWA-FM18-13x19cm-JMai_04264-11-768x768.jpg\" class=\"attachment-medium_large size-medium_large wp-image-1972\" alt=\"\" srcset=\"https:\/\/jose-rodriguez.de\/wp-content\/uploads\/2022\/03\/MEWA-FM18-13x19cm-JMai_04264-11-768x768.jpg 768w, https:\/\/jose-rodriguez.de\/wp-content\/uploads\/2022\/03\/MEWA-FM18-13x19cm-JMai_04264-11-300x300.jpg 300w, https:\/\/jose-rodriguez.de\/wp-content\/uploads\/2022\/03\/MEWA-FM18-13x19cm-JMai_04264-11-1024x1024.jpg 1024w, https:\/\/jose-rodriguez.de\/wp-content\/uploads\/2022\/03\/MEWA-FM18-13x19cm-JMai_04264-11-150x150.jpg 150w, https:\/\/jose-rodriguez.de\/wp-content\/uploads\/2022\/03\/MEWA-FM18-13x19cm-JMai_04264-11-12x12.jpg 12w, https:\/\/jose-rodriguez.de\/wp-content\/uploads\/2022\/03\/MEWA-FM18-13x19cm-JMai_04264-11.jpg 1532w\" sizes=\"(max-width: 768px) 100vw, 768px\" \/>\t\t\t\t\t\t\t\t\t\t\t\t\t\t\t<\/div>\n\t\t\t\t\t<\/div>\n\t\t<\/div>\n\t\t\t\t<div class=\"elementor-column elementor-col-50 elementor-top-column elementor-element elementor-element-19cc7d5\" data-id=\"19cc7d5\" data-element_type=\"column\" data-e-type=\"column\">\n\t\t\t<div class=\"elementor-widget-wrap elementor-element-populated\">\n\t\t\t\t\t\t<div class=\"elementor-element elementor-element-9b8b8ab elementor-widget elementor-widget-heading\" data-id=\"9b8b8ab\" data-element_type=\"widget\" data-e-type=\"widget\" data-widget_type=\"heading.default\">\n\t\t\t\t\t<h2 class=\"elementor-heading-title elementor-size-default\">Veredeln Sie auch Ihr Event<\/h2>\t\t\t\t<\/div>\n\t\t\t\t<div class=\"elementor-element elementor-element-1743778 elementor-widget elementor-widget-text-editor\" data-id=\"1743778\" data-element_type=\"widget\" data-e-type=\"widget\" data-widget_type=\"text-editor.default\">\n\t\t\t\t\t\t\t\t\t<ul><li>Jubil\u00e4um<\/li><li style=\"font-size: 16px;\"><span style=\"color: var( --e-global-color-text ); font-family: var( --e-global-typography-text-font-family ), Sans-serif; font-size: 1rem; font-weight: var( --e-global-typography-text-font-weight );\">Sommerparty<\/span><\/li><li>Pr\u00e4sentation<\/li><li>Geburtstag<\/li><li>Hochzeit<\/li><li>Weihnachtsfeier<\/li><li>Jahresabschlussfeier<\/li><\/ul><div><span style=\"color: var( --e-global-color-text ); font-family: var( --e-global-typography-text-font-family ), Sans-serif; font-weight: var( --e-global-typography-text-font-weight ); font-size: 1rem;\">\u00a0<\/span><\/div><div><span style=\"color: var( --e-global-color-text ); font-family: var( --e-global-typography-text-font-family ), Sans-serif; font-weight: var( --e-global-typography-text-font-weight ); font-size: 1rem;\">und belohnen Sie auch sich, beschenken Sie Ihre Familie, erfreuen Sie Ihre Freunde, motivieren Sie Ihre Mitarbeiter und Kollegen mit dem ganz Besonderen:<\/span><\/div><p>Jos\u00e9 Rodriguez &#8211; Der Pianist S\u00e4nger Entertainer.<\/p><p>Gerne sende ich Ihnen ein unverbindliches Angebot zu.<\/p><p><a href=\"mailto:jr@jose-rodriguez.de?subject=Mail%20von%20Ihrer%20Webseite%20%E2%80%A2%20Jos%C3%A9%20%20Rodriguez%20%E2%80%A2Pianist%20%E2%80%A2%20S%C3%A4nger%20%E2%80%A2%20Entertainer%20%E2%80%A2%20Produzent\">Ich freue mich auf Ihre Nachricht.<\/a><span style=\"color: var( --e-global-color-text ); font-family: var( --e-global-typography-text-font-family ), Sans-serif; font-size: 1rem; font-weight: var( --e-global-typography-text-font-weight );\">\u00a0<\/span><\/p>\t\t\t\t\t\t\t\t<\/div>\n\t\t\t\t\t<\/div>\n\t\t<\/div>\n\t\t\t\t\t<\/div>\n\t\t<\/section>\n\t\t\t\t<section class=\"elementor-section elementor-top-section elementor-element elementor-element-b22bd9a elementor-section-boxed elementor-section-height-default elementor-section-height-default\" data-id=\"b22bd9a\" data-element_type=\"section\" data-e-type=\"section\">\n\t\t\t\t\t\t<div class=\"elementor-container elementor-column-gap-default\">\n\t\t\t\t\t<div class=\"elementor-column elementor-col-50 elementor-top-column elementor-element elementor-element-538631f\" data-id=\"538631f\" data-element_type=\"column\" data-e-type=\"column\">\n\t\t\t<div class=\"elementor-widget-wrap elementor-element-populated\">\n\t\t\t\t\t\t<div class=\"elementor-element elementor-element-87aab00 elementor-widget elementor-widget-heading\" data-id=\"87aab00\" data-element_type=\"widget\" data-e-type=\"widget\" data-widget_type=\"heading.default\">\n\t\t\t\t\t<h2 class=\"elementor-heading-title elementor-size-default\">Firmen Events<\/h2>\t\t\t\t<\/div>\n\t\t\t\t<div class=\"elementor-element elementor-element-0d77ded elementor-widget elementor-widget-text-editor\" data-id=\"0d77ded\" data-element_type=\"widget\" data-e-type=\"widget\" data-widget_type=\"text-editor.default\">\n\t\t\t\t\t\t\t\t\t<p>Sein breit gef\u00e4chertes Programm bietet nahezu f\u00fcr jeden etwas.\u00a0<\/p><p>Ein, zwei, drei T\u00f6ne und Kl\u00e4nge animieren fast unmerklich zum Tr\u00e4umen und zum Mitschwingen. Er spielt unz\u00e4hlige All-Time Hits, die wohlige und oft nostalgische Momente hervorrufen.\u00a0<\/p><p>Seine warme und zugleich kraftvolle Stimme zieht seine G\u00e4ste unwiederbringlich in den Bann, wenn er gekonnt mit den unterschiedlichen Auspr\u00e4gungen der Emotionen spielt.<\/p><p><a href=\"mailto:jr@jose-rodriguez.de?subject=Mail%20von%20Ihrer%20Webseite%20%E2%80%A2%20Jos%C3%A9%20%20Rodriguez%20%E2%80%A2Pianist%20%E2%80%A2%20S%C3%A4nger%20%E2%80%A2%20Entertainer%20%E2%80%A2%20Produzent\">Darf ich Ihnen ein Angebot unterbreiten?<\/a><\/p>\t\t\t\t\t\t\t\t<\/div>\n\t\t\t\t\t<\/div>\n\t\t<\/div>\n\t\t\t\t<div class=\"elementor-column elementor-col-50 elementor-top-column elementor-element elementor-element-fcf5938\" data-id=\"fcf5938\" data-element_type=\"column\" data-e-type=\"column\">\n\t\t\t<div class=\"elementor-widget-wrap elementor-element-populated\">\n\t\t\t\t\t\t<div class=\"elementor-element elementor-element-96bcebd elementor-widget elementor-widget-image\" data-id=\"96bcebd\" data-element_type=\"widget\" data-e-type=\"widget\" data-settings=\"{&quot;_animation&quot;:&quot;none&quot;}\" data-widget_type=\"image.default\">\n\t\t\t\t\t\t\t\t\t\t\t\t\t\t\t<img decoding=\"async\" width=\"768\" height=\"513\" src=\"https:\/\/jose-rodriguez.de\/wp-content\/uploads\/2022\/03\/aenh4hj_mrs-1-768x513.jpg\" class=\"attachment-medium_large size-medium_large wp-image-1983\" alt=\"white ceramic dinnerware set\" srcset=\"https:\/\/jose-rodriguez.de\/wp-content\/uploads\/2022\/03\/aenh4hj_mrs-1-768x513.jpg 768w, https:\/\/jose-rodriguez.de\/wp-content\/uploads\/2022\/03\/aenh4hj_mrs-1-300x200.jpg 300w, https:\/\/jose-rodriguez.de\/wp-content\/uploads\/2022\/03\/aenh4hj_mrs-1-1024x684.jpg 1024w, https:\/\/jose-rodriguez.de\/wp-content\/uploads\/2022\/03\/aenh4hj_mrs-1-1536x1025.jpg 1536w, https:\/\/jose-rodriguez.de\/wp-content\/uploads\/2022\/03\/aenh4hj_mrs-1-18x12.jpg 18w, https:\/\/jose-rodriguez.de\/wp-content\/uploads\/2022\/03\/aenh4hj_mrs-1.jpg 1600w\" sizes=\"(max-width: 768px) 100vw, 768px\" \/>\t\t\t\t\t\t\t\t\t\t\t\t\t\t\t<\/div>\n\t\t\t\t\t<\/div>\n\t\t<\/div>\n\t\t\t\t\t<\/div>\n\t\t<\/section>\n\t\t\t\t<section class=\"elementor-section elementor-top-section elementor-element elementor-element-79a70ea elementor-section-boxed elementor-section-height-default elementor-section-height-default\" data-id=\"79a70ea\" data-element_type=\"section\" data-e-type=\"section\">\n\t\t\t\t\t\t<div class=\"elementor-container elementor-column-gap-default\">\n\t\t\t\t\t<div class=\"elementor-column elementor-col-50 elementor-top-column elementor-element elementor-element-db86906\" data-id=\"db86906\" data-element_type=\"column\" data-e-type=\"column\">\n\t\t\t<div class=\"elementor-widget-wrap elementor-element-populated\">\n\t\t\t\t\t\t<div class=\"elementor-element elementor-element-20e14b6 elementor-widget elementor-widget-image\" data-id=\"20e14b6\" data-element_type=\"widget\" data-e-type=\"widget\" data-settings=\"{&quot;_animation&quot;:&quot;none&quot;}\" data-widget_type=\"image.default\">\n\t\t\t\t\t\t\t\t\t\t\t\t\t\t\t<img loading=\"lazy\" decoding=\"async\" width=\"768\" height=\"512\" src=\"https:\/\/jose-rodriguez.de\/wp-content\/uploads\/2022\/03\/ulhxwq8reao-768x512.jpg\" class=\"attachment-medium_large size-medium_large wp-image-1981\" alt=\"people raising wine glass in selective focus photography\" srcset=\"https:\/\/jose-rodriguez.de\/wp-content\/uploads\/2022\/03\/ulhxwq8reao-768x512.jpg 768w, https:\/\/jose-rodriguez.de\/wp-content\/uploads\/2022\/03\/ulhxwq8reao-300x200.jpg 300w, https:\/\/jose-rodriguez.de\/wp-content\/uploads\/2022\/03\/ulhxwq8reao-1024x683.jpg 1024w, https:\/\/jose-rodriguez.de\/wp-content\/uploads\/2022\/03\/ulhxwq8reao-1536x1024.jpg 1536w, https:\/\/jose-rodriguez.de\/wp-content\/uploads\/2022\/03\/ulhxwq8reao-18x12.jpg 18w, https:\/\/jose-rodriguez.de\/wp-content\/uploads\/2022\/03\/ulhxwq8reao.jpg 1600w\" sizes=\"(max-width: 768px) 100vw, 768px\" \/>\t\t\t\t\t\t\t\t\t\t\t\t\t\t\t<\/div>\n\t\t\t\t\t<\/div>\n\t\t<\/div>\n\t\t\t\t<div class=\"elementor-column elementor-col-50 elementor-top-column elementor-element elementor-element-21e71ea\" data-id=\"21e71ea\" data-element_type=\"column\" data-e-type=\"column\">\n\t\t\t<div class=\"elementor-widget-wrap elementor-element-populated\">\n\t\t\t\t\t\t<div class=\"elementor-element elementor-element-dfa72cf elementor-widget elementor-widget-heading\" data-id=\"dfa72cf\" data-element_type=\"widget\" data-e-type=\"widget\" data-widget_type=\"heading.default\">\n\t\t\t\t\t<h2 class=\"elementor-heading-title elementor-size-default\">Private Feiern &amp; Events<\/h2>\t\t\t\t<\/div>\n\t\t\t\t<div class=\"elementor-element elementor-element-110063a elementor-widget elementor-widget-text-editor\" data-id=\"110063a\" data-element_type=\"widget\" data-e-type=\"widget\" data-widget_type=\"text-editor.default\">\n\t\t\t\t\t\t\t\t\t<p>Seine Zuh\u00f6rer werden vom ersten Ton an verzaubert und schon sehr bald kann sich keiner mehr der mitreissenden Stimmung entziehen.\u00a0<\/p><p>Wenig sp\u00e4ter stehen alle auf der Tanzfl\u00e4che und bewegen sich im Rhythmus der Musik.\u00a0<\/p><p>Jos\u00e9 Rodriguez schafft es immer, eine Stimmung zu erzeugen, die die G\u00e4ste auch nach Verlassen der Party mit einem L\u00e4cheln auf den Lippen nach Hause begleitet.<\/p><p>Jos\u00e9 Rodriguez \u2022 Pianist S\u00e4nger Entertainer \u2022 m\u00fasica &amp; emoci\u00f3n \u2022 Der Erfolg Ihrer Veranstaltung ist meine Mission.<\/p><p><a href=\"mailto:jr@jose-rodriguez.de?subject=Mail%20von%20Ihrer%20Webseite%20%E2%80%A2%20Jos%C3%A9%20%20Rodriguez%20%E2%80%A2Pianist%20%E2%80%A2%20S%C3%A4nger%20%E2%80%A2%20Entertainer%20%E2%80%A2%20Produzent\">Wann und wo spiele und singe ich auf Ihrer Party?<\/a><\/p>\t\t\t\t\t\t\t\t<\/div>\n\t\t\t\t<div class=\"elementor-element elementor-element-ff83902 elementor-widget elementor-widget-heading\" data-id=\"ff83902\" data-element_type=\"widget\" data-e-type=\"widget\" data-widget_type=\"heading.default\">\n\t\t\t\t\t<h2 class=\"elementor-heading-title elementor-size-default\">Firmen Events<\/h2>\t\t\t\t<\/div>\n\t\t\t\t\t<\/div>\n\t\t<\/div>\n\t\t\t\t\t<\/div>\n\t\t<\/section>\n\t\t\t\t<\/div>","protected":false},"excerpt":{"rendered":"<p>Events und das ideale, passende Entertainment Mit seinem anspruchsvollen und vielseitigen Piano-Entertainment der Extraklasse verzaubert Jos\u00e9 Rodriguez auch Sie und Ihre G\u00e4ste. Wenn Jos\u00e9 Rodriguez sich selbst am Piano singend begleitet, f\u00fchrt er auch Sie, Ihre Mitarbeiter und Ihre G\u00e4ste durch eine spannende und wohltuende Traumreise mit den st\u00e4rksten Songs. Meisterlich gekonnt mit erstklassigem, powervollen [&hellip;]<\/p>\n","protected":false},"author":2,"featured_media":0,"parent":0,"menu_order":0,"comment_status":"closed","ping_status":"closed","template":"","meta":{"pmpro_default_level":"","h5ap_radio_sources":[],"footnotes":""},"categories":[],"tags":[],"class_list":["post-1012","page","type-page","status-publish","hentry","pmpro-has-access"],"_links":{"self":[{"href":"https:\/\/jose-rodriguez.de\/es\/wp-json\/wp\/v2\/pages\/1012","targetHints":{"allow":["GET"]}}],"collection":[{"href":"https:\/\/jose-rodriguez.de\/es\/wp-json\/wp\/v2\/pages"}],"about":[{"href":"https:\/\/jose-rodriguez.de\/es\/wp-json\/wp\/v2\/types\/page"}],"author":[{"embeddable":true,"href":"https:\/\/jose-rodriguez.de\/es\/wp-json\/wp\/v2\/users\/2"}],"replies":[{"embeddable":true,"href":"https:\/\/jose-rodriguez.de\/es\/wp-json\/wp\/v2\/comments?post=1012"}],"version-history":[{"count":1,"href":"https:\/\/jose-rodriguez.de\/es\/wp-json\/wp\/v2\/pages\/1012\/revisions"}],"predecessor-version":[{"id":3252,"href":"https:\/\/jose-rodriguez.de\/es\/wp-json\/wp\/v2\/pages\/1012\/revisions\/3252"}],"wp:attachment":[{"href":"https:\/\/jose-rodriguez.de\/es\/wp-json\/wp\/v2\/media?parent=1012"}],"wp:term":[{"taxonomy":"category","embeddable":true,"href":"https:\/\/jose-rodriguez.de\/es\/wp-json\/wp\/v2\/categories?post=1012"},{"taxonomy":"post_tag","embeddable":true,"href":"https:\/\/jose-rodriguez.de\/es\/wp-json\/wp\/v2\/tags?post=1012"}],"curies":[{"name":"wp","href":"https:\/\/api.w.org\/{rel}","templated":true}]}}